{"id":26,"date":"2024-10-21T17:43:06","date_gmt":"2024-10-21T17:43:06","guid":{"rendered":"https:\/\/queenspearlnin.com\/?page_id=26"},"modified":"2025-10-21T14:52:22","modified_gmt":"2025-10-21T14:52:22","slug":"kontakt","status":"publish","type":"page","link":"https:\/\/queenspearlnin.com\/en\/kontakt\/","title":{"rendered":"Contact"},"content":{"rendered":"\t\t<div data-elementor-type=\"wp-page\" data-elementor-id=\"26\" class=\"elementor elementor-26\" data-elementor-post-type=\"page\">\n\t\t\t\t<div class=\"elementor-element elementor-element-7e20a523 e-flex e-con-boxed e-con e-parent\" data-id=\"7e20a523\" data-element_type=\"container\" data-e-type=\"container\" data-settings=\"{&quot;background_background&quot;:&quot;classic&quot;}\">\n\t\t\t\t\t<div class=\"e-con-inner\">\n\t\t\t\t<div class=\"elementor-element elementor-element-69e3b844 elementor-widget elementor-widget-heading\" data-id=\"69e3b844\" data-element_type=\"widget\" data-e-type=\"widget\" data-widget_type=\"heading.default\">\n\t\t\t\t<div class=\"elementor-widget-container\">\n\t\t\t\t\t<h2 class=\"elementor-heading-title elementor-size-default\">Kontakt<\/h2>\t\t\t\t<\/div>\n\t\t\t\t<\/div>\n\t\t\t\t<div class=\"elementor-element elementor-element-39a18d73 elementor-icon-list--layout-inline elementor-align-center elementor-list-item-link-full_width elementor-widget elementor-widget-icon-list\" data-id=\"39a18d73\" data-element_type=\"widget\" data-e-type=\"widget\" data-widget_type=\"icon-list.default\">\n\t\t\t\t<div class=\"elementor-widget-container\">\n\t\t\t\t\t\t\t<ul class=\"elementor-icon-list-items elementor-inline-items\">\n\t\t\t\t\t\t\t<li class=\"elementor-icon-list-item elementor-inline-item\">\n\t\t\t\t\t\t\t\t\t\t<span class=\"elementor-icon-list-text\">Naslovna<\/span>\n\t\t\t\t\t\t\t\t\t<\/li>\n\t\t\t\t\t\t\t\t<li class=\"elementor-icon-list-item elementor-inline-item\">\n\t\t\t\t\t\t\t\t\t\t\t<span class=\"elementor-icon-list-icon\">\n\t\t\t\t\t\t\t<svg aria-hidden=\"true\" class=\"e-font-icon-svg e-fas-chevron-right\" viewBox=\"0 0 320 512\" xmlns=\"http:\/\/www.w3.org\/2000\/svg\"><path d=\"M285.476 272.971L91.132 467.314c-9.373 9.373-24.569 9.373-33.941 0l-22.667-22.667c-9.357-9.357-9.375-24.522-.04-33.901L188.505 256 34.484 101.255c-9.335-9.379-9.317-24.544.04-33.901l22.667-22.667c9.373-9.373 24.569-9.373 33.941 0L285.475 239.03c9.373 9.372 9.373 24.568.001 33.941z\"><\/path><\/svg>\t\t\t\t\t\t<\/span>\n\t\t\t\t\t\t\t\t\t\t<span class=\"elementor-icon-list-text\">Kontakt<\/span>\n\t\t\t\t\t\t\t\t\t<\/li>\n\t\t\t\t\t\t<\/ul>\n\t\t\t\t\t\t<\/div>\n\t\t\t\t<\/div>\n\t\t\t\t\t<\/div>\n\t\t\t\t<\/div>\n\t\t<div class=\"elementor-element elementor-element-e56b784 e-flex e-con-boxed e-con e-parent\" data-id=\"e56b784\" data-element_type=\"container\" data-e-type=\"container\">\n\t\t\t\t\t<div class=\"e-con-inner\">\n\t\t<div class=\"elementor-element elementor-element-6d8cbbf5 e-flex e-con-boxed e-con e-child\" data-id=\"6d8cbbf5\" data-element_type=\"container\" data-e-type=\"container\">\n\t\t\t\t\t<div class=\"e-con-inner\">\n\t\t\t\t<div class=\"elementor-element elementor-element-7cb2d15b elementor-widget elementor-widget-heading\" data-id=\"7cb2d15b\" data-element_type=\"widget\" data-e-type=\"widget\" data-widget_type=\"heading.default\">\n\t\t\t\t<div class=\"elementor-widget-container\">\n\t\t\t\t\t<h2 class=\"elementor-heading-title elementor-size-default\">kontakt<\/h2>\t\t\t\t<\/div>\n\t\t\t\t<\/div>\n\t\t\t\t<div class=\"elementor-element elementor-element-6211d4fa elementor-widget__width-inherit elementor-widget elementor-widget-heading\" data-id=\"6211d4fa\" data-element_type=\"widget\" data-e-type=\"widget\" data-widget_type=\"heading.default\">\n\t\t\t\t<div class=\"elementor-widget-container\">\n\t\t\t\t\t<h2 class=\"elementor-heading-title elementor-size-default\">Obratite nam se<\/h2>\t\t\t\t<\/div>\n\t\t\t\t<\/div>\n\t\t\t\t\t<\/div>\n\t\t\t\t<\/div>\n\t\t<div class=\"elementor-element elementor-element-43856d2b e-flex e-con-boxed e-con e-child\" data-id=\"43856d2b\" data-element_type=\"container\" data-e-type=\"container\">\n\t\t\t\t\t<div class=\"e-con-inner\">\n\t\t<div class=\"elementor-element elementor-element-483e116a e-con-full e-flex e-con e-child\" data-id=\"483e116a\" data-element_type=\"container\" data-e-type=\"container\">\n\t\t<div class=\"elementor-element elementor-element-56e83c91 e-flex e-con-boxed e-con e-child\" data-id=\"56e83c91\" data-element_type=\"container\" data-e-type=\"container\">\n\t\t\t\t\t<div class=\"e-con-inner\">\n\t\t\t\t<div class=\"elementor-element elementor-element-1cc41e0e jkit-equal-height-disable elementor-widget elementor-widget-jkit_icon_box\" data-id=\"1cc41e0e\" data-element_type=\"widget\" data-e-type=\"widget\" data-widget_type=\"jkit_icon_box.default\">\n\t\t\t\t<div class=\"elementor-widget-container\">\n\t\t\t\t\t<div  class=\"jeg-elementor-kit jkit-icon-box icon-position-top elementor-animation- jeg_module___69fb1f3f1cef7\" ><div class=\"jkit-icon-box-wrapper hover-from-left\"><div class=\"icon-box icon-box-header elementor-animation-\"><div class=\"icon style-color\"><i aria-hidden=\"true\" class=\"jki jki-map-marker1-light\"><\/i><\/div><\/div><div class=\"icon-box icon-box-body\">\n                <h2 class=\"title\">Adresa<\/h2><p class=\"icon-box-description\">Ninske vodice 12, 23232 Nin<\/p>\n            <\/div>\n            \n            <\/div><\/div>\t\t\t\t<\/div>\n\t\t\t\t<\/div>\n\t\t\t\t\t<\/div>\n\t\t\t\t<\/div>\n\t\t<div class=\"elementor-element elementor-element-5364c132 e-flex e-con-boxed e-con e-child\" data-id=\"5364c132\" data-element_type=\"container\" data-e-type=\"container\">\n\t\t\t\t\t<div class=\"e-con-inner\">\n\t\t\t\t<div class=\"elementor-element elementor-element-61259153 jkit-equal-height-disable elementor-widget elementor-widget-jkit_icon_box\" data-id=\"61259153\" data-element_type=\"widget\" data-e-type=\"widget\" data-widget_type=\"jkit_icon_box.default\">\n\t\t\t\t<div class=\"elementor-widget-container\">\n\t\t\t\t\t<div  class=\"jeg-elementor-kit jkit-icon-box icon-position-top elementor-animation- jeg_module__1_69fb1f3f1ed4f\" ><div class=\"jkit-icon-box-wrapper hover-from-left\"><div class=\"icon-box icon-box-header elementor-animation-\"><div class=\"icon style-color\"><i aria-hidden=\"true\" class=\"jki jki-phone-light\"><\/i><\/div><\/div><div class=\"icon-box icon-box-body\">\n                <h2 class=\"title\">Telefon<\/h2><p class=\"icon-box-description\">+385 98 963 8964<\/p>\n            <\/div>\n            \n            <\/div><\/div>\t\t\t\t<\/div>\n\t\t\t\t<\/div>\n\t\t\t\t\t<\/div>\n\t\t\t\t<\/div>\n\t\t\t\t<\/div>\n\t\t<div class=\"elementor-element elementor-element-4d50c318 e-flex e-con-boxed e-con e-child\" data-id=\"4d50c318\" data-element_type=\"container\" data-e-type=\"container\">\n\t\t\t\t\t<div class=\"e-con-inner\">\n\t\t\t\t<div class=\"elementor-element elementor-element-46718f7b jkit-equal-height-disable elementor-widget elementor-widget-jkit_icon_box\" data-id=\"46718f7b\" data-element_type=\"widget\" data-e-type=\"widget\" data-widget_type=\"jkit_icon_box.default\">\n\t\t\t\t<div class=\"elementor-widget-container\">\n\t\t\t\t\t<div  class=\"jeg-elementor-kit jkit-icon-box icon-position-top elementor-animation- jeg_module__2_69fb1f3f1f3db\" ><div class=\"jkit-icon-box-wrapper hover-from-left\"><div class=\"icon-box icon-box-header elementor-animation-\"><div class=\"icon style-color\"><i aria-hidden=\"true\" class=\"jki jki-envelope11-light\"><\/i><\/div><\/div><div class=\"icon-box icon-box-body\">\n                <h2 class=\"title\">Email<\/h2><p class=\"icon-box-description\">info@queenspearlnin.com<\/p>\n            <\/div>\n            \n            <\/div><\/div>\t\t\t\t<\/div>\n\t\t\t\t<\/div>\n\t\t\t\t\t<\/div>\n\t\t\t\t<\/div>\n\t\t\t\t\t<\/div>\n\t\t\t\t<\/div>\n\t\t<div class=\"elementor-element elementor-element-67704ddb e-flex e-con-boxed e-con e-child\" data-id=\"67704ddb\" data-element_type=\"container\" data-e-type=\"container\">\n\t\t\t\t\t<div class=\"e-con-inner\">\n\t\t<div class=\"elementor-element elementor-element-915f07 e-flex e-con-boxed e-con e-child\" data-id=\"915f07\" data-element_type=\"container\" data-e-type=\"container\">\n\t\t\t\t\t<div class=\"e-con-inner\">\n\t\t\t\t<div class=\"elementor-element elementor-element-9e476e7 elementor-widget elementor-widget-menu-anchor\" data-id=\"9e476e7\" data-element_type=\"widget\" data-e-type=\"widget\" data-widget_type=\"menu-anchor.default\">\n\t\t\t\t<div class=\"elementor-widget-container\">\n\t\t\t\t\t\t\t<div class=\"elementor-menu-anchor\" id=\"rezerviraj\"><\/div>\n\t\t\t\t\t\t<\/div>\n\t\t\t\t<\/div>\n\t\t\t\t<div class=\"elementor-element elementor-element-a57cf48 elementor-widget elementor-widget-heading\" data-id=\"a57cf48\" data-element_type=\"widget\" data-e-type=\"widget\" data-widget_type=\"heading.default\">\n\t\t\t\t<div class=\"elementor-widget-container\">\n\t\t\t\t\t<h2 class=\"elementor-heading-title elementor-size-default\">Provjeri dostupnost <\/h2>\t\t\t\t<\/div>\n\t\t\t\t<\/div>\n\t\t\t\t<div class=\"elementor-element elementor-element-9859f50 elementor-button-align-stretch elementor-widget elementor-widget-form\" data-id=\"9859f50\" data-element_type=\"widget\" data-e-type=\"widget\" data-settings=\"{&quot;step_next_label&quot;:&quot;Next&quot;,&quot;step_previous_label&quot;:&quot;Previous&quot;,&quot;button_width&quot;:&quot;100&quot;,&quot;step_type&quot;:&quot;number_text&quot;,&quot;step_icon_shape&quot;:&quot;circle&quot;}\" data-widget_type=\"form.default\">\n\t\t\t\t<div class=\"elementor-widget-container\">\n\t\t\t\t\t\t\t<form class=\"elementor-form\" method=\"post\" name=\"Rezervacija\" aria-label=\"Rezervacija\">\n\t\t\t<input type=\"hidden\" name=\"post_id\" value=\"26\"\/>\n\t\t\t<input type=\"hidden\" name=\"form_id\" value=\"9859f50\"\/>\n\t\t\t<input type=\"hidden\" name=\"referer_title\" value=\"queenspearlnin.com\" \/>\n\n\t\t\t\n\t\t\t<div class=\"elementor-form-fields-wrapper elementor-labels-above\">\n\t\t\t\t\t\t\t\t<div class=\"elementor-field-type-text elementor-field-group elementor-column elementor-field-group-name elementor-col-100 elementor-field-required\">\n\t\t\t\t\t\t\t\t\t\t\t\t<label for=\"form-field-name\" class=\"elementor-field-label\">\n\t\t\t\t\t\t\t\tIme i prezime\t\t\t\t\t\t\t<\/label>\n\t\t\t\t\t\t\t\t\t\t\t\t\t\t<input size=\"1\" type=\"text\" name=\"form_fields[name]\" id=\"form-field-name\" class=\"elementor-field elementor-size-sm  elementor-field-textual\" required=\"required\">\n\t\t\t\t\t\t\t\t\t\t\t<\/div>\n\t\t\t\t\t\t\t\t<div class=\"elementor-field-type-email elementor-field-group elementor-column elementor-field-group-email elementor-col-100 elementor-field-required\">\n\t\t\t\t\t\t\t\t\t\t\t\t<label for=\"form-field-email\" class=\"elementor-field-label\">\n\t\t\t\t\t\t\t\tEmail\t\t\t\t\t\t\t<\/label>\n\t\t\t\t\t\t\t\t\t\t\t\t\t\t<input size=\"1\" type=\"email\" name=\"form_fields[email]\" id=\"form-field-email\" class=\"elementor-field elementor-size-sm  elementor-field-textual\" required=\"required\">\n\t\t\t\t\t\t\t\t\t\t\t<\/div>\n\t\t\t\t\t\t\t\t<div class=\"elementor-field-type-tel elementor-field-group elementor-column elementor-field-group-field_8320288 elementor-col-100\">\n\t\t\t\t\t\t\t\t\t\t\t\t<label for=\"form-field-field_8320288\" class=\"elementor-field-label\">\n\t\t\t\t\t\t\t\tBroj telefona:\t\t\t\t\t\t\t<\/label>\n\t\t\t\t\t\t\t\t<input size=\"1\" type=\"tel\" name=\"form_fields[field_8320288]\" id=\"form-field-field_8320288\" class=\"elementor-field elementor-size-sm  elementor-field-textual\" pattern=\"[0-9()#&amp;+*-=.]+\" title=\"Only numbers and phone characters (#, -, *, etc) are accepted.\">\n\n\t\t\t\t\t\t<\/div>\n\t\t\t\t\t\t\t\t<div class=\"elementor-field-type-date elementor-field-group elementor-column elementor-field-group-field_4b64c6d elementor-col-50 elementor-field-required\">\n\t\t\t\t\t\t\t\t\t\t\t\t<label for=\"form-field-field_4b64c6d\" class=\"elementor-field-label\">\n\t\t\t\t\t\t\t\tOd datuma:\t\t\t\t\t\t\t<\/label>\n\t\t\t\t\t\t\n\t\t<input type=\"date\" name=\"form_fields[field_4b64c6d]\" id=\"form-field-field_4b64c6d\" class=\"elementor-field elementor-size-sm  elementor-field-textual elementor-date-field\" required=\"required\" pattern=\"[0-9]{4}-[0-9]{2}-[0-9]{2}\">\n\t\t\t\t\t\t<\/div>\n\t\t\t\t\t\t\t\t<div class=\"elementor-field-type-date elementor-field-group elementor-column elementor-field-group-field_2fe35d6 elementor-col-50 elementor-field-required\">\n\t\t\t\t\t\t\t\t\t\t\t\t<label for=\"form-field-field_2fe35d6\" class=\"elementor-field-label\">\n\t\t\t\t\t\t\t\tDo datuma:\t\t\t\t\t\t\t<\/label>\n\t\t\t\t\t\t\n\t\t<input type=\"date\" name=\"form_fields[field_2fe35d6]\" id=\"form-field-field_2fe35d6\" class=\"elementor-field elementor-size-sm  elementor-field-textual elementor-date-field\" required=\"required\" pattern=\"[0-9]{4}-[0-9]{2}-[0-9]{2}\">\n\t\t\t\t\t\t<\/div>\n\t\t\t\t\t\t\t\t<div class=\"elementor-field-type-text elementor-field-group elementor-column elementor-field-group-field_bebada3 elementor-col-100\">\n\t\t\t\t\t\t\t\t\t\t\t\t<label for=\"form-field-field_bebada3\" class=\"elementor-field-label\">\n\t\t\t\t\t\t\t\tPoruka (ukoliko imate dodatnih pitanja):\t\t\t\t\t\t\t<\/label>\n\t\t\t\t\t\t\t\t\t\t\t\t\t\t<input size=\"1\" type=\"text\" name=\"form_fields[field_bebada3]\" id=\"form-field-field_bebada3\" class=\"elementor-field elementor-size-sm  elementor-field-textual\">\n\t\t\t\t\t\t\t\t\t\t\t<\/div>\n\t\t\t\t\t\t\t\t<div class=\"elementor-field-group elementor-column elementor-field-type-submit elementor-col-100 e-form__buttons\">\n\t\t\t\t\t<button class=\"elementor-button elementor-size-sm\" type=\"submit\">\n\t\t\t\t\t\t<span class=\"elementor-button-content-wrapper\">\n\t\t\t\t\t\t\t\t\t\t\t\t\t\t\t\t\t\t\t\t\t\t<span class=\"elementor-button-text\">PO\u0160ALJI<\/span>\n\t\t\t\t\t\t\t\t\t\t\t\t\t<\/span>\n\t\t\t\t\t<\/button>\n\t\t\t\t<\/div>\n\t\t\t<\/div>\n\t\t<\/form>\n\t\t\t\t\t\t<\/div>\n\t\t\t\t<\/div>\n\t\t\t\t\t<\/div>\n\t\t\t\t<\/div>\n\t\t<div class=\"elementor-element elementor-element-305e771 e-flex e-con-boxed e-con e-child\" data-id=\"305e771\" data-element_type=\"container\" data-e-type=\"container\">\n\t\t\t\t\t<div class=\"e-con-inner\">\n\t\t\t\t<div class=\"elementor-element elementor-element-4675d977 elementor-widget elementor-widget-google_maps\" data-id=\"4675d977\" data-element_type=\"widget\" data-e-type=\"widget\" data-widget_type=\"google_maps.default\">\n\t\t\t\t<div class=\"elementor-widget-container\">\n\t\t\t\t\t\t\t<div class=\"elementor-custom-embed\">\n\t\t\t<iframe loading=\"lazy\"\n\t\t\t\t\tsrc=\"https:\/\/maps.google.com\/maps?q=Ninske%20vodice%2012&#038;t=m&#038;z=13&#038;output=embed&#038;iwloc=near\"\n\t\t\t\t\ttitle=\"Ninske vodice 12\"\n\t\t\t\t\taria-label=\"Ninske vodice 12\"\n\t\t\t><\/iframe>\n\t\t<\/div>\n\t\t\t\t\t\t<\/div>\n\t\t\t\t<\/div>\n\t\t\t\t\t<\/div>\n\t\t\t\t<\/div>\n\t\t\t\t\t<\/div>\n\t\t\t\t<\/div>\n\t\t\t\t\t<\/div>\n\t\t\t\t<\/div>\n\t\t\t\t<\/div>\n\t\t","protected":false},"excerpt":{"rendered":"<p>Kontakt Naslovna Kontakt kontakt Obratite nam se Adresa Ninske vodice 12, 23232 Nin Telefon +385 98 963 8964 Email info@queenspearlnin.com Provjeri dostupnost<\/p>","protected":false},"author":1,"featured_media":0,"parent":0,"menu_order":0,"comment_status":"closed","ping_status":"closed","template":"elementor_header_footer","meta":{"footnotes":""},"class_list":["post-26","page","type-page","status-publish","hentry"],"yoast_head":"<!-- This site is optimized with the Yoast SEO plugin v27.4 - https:\/\/yoast.com\/product\/yoast-seo-wordpress\/ -->\n<title>Kontakt - Queen&#039;s Pearl Nin<\/title>\n<meta name=\"description\" content=\"Ovdje mo\u017eete slobodno ispuniti svoje \u017eeljene datume i javljamo se povratno u najkra\u0107em mogu\u0107em roku.\" \/>\n<meta name=\"robots\" content=\"index, follow, max-snippet:-1, max-image-preview:large, max-video-preview:-1\" \/>\n<link rel=\"canonical\" href=\"https:\/\/queenspearlnin-com-639154.hostingersite.com\/kontakt\/\" \/>\n<meta property=\"og:locale\" content=\"en_US\" \/>\n<meta property=\"og:type\" content=\"article\" \/>\n<meta property=\"og:title\" content=\"Kontakt - Queen&#039;s Pearl Nin\" \/>\n<meta property=\"og:description\" content=\"Ovdje mo\u017eete slobodno ispuniti svoje \u017eeljene datume i javljamo se povratno u najkra\u0107em mogu\u0107em roku.\" \/>\n<meta property=\"og:url\" content=\"https:\/\/queenspearlnin-com-639154.hostingersite.com\/kontakt\/\" \/>\n<meta property=\"og:site_name\" content=\"queenspearlnin.com\" \/>\n<meta property=\"article:modified_time\" content=\"2025-10-21T14:52:22+00:00\" \/>\n<meta name=\"twitter:card\" content=\"summary_large_image\" \/>\n<meta name=\"twitter:label1\" content=\"Est. reading time\" \/>\n\t<meta name=\"twitter:data1\" content=\"1 minute\" \/>\n<script type=\"application\/ld+json\" class=\"yoast-schema-graph\">{\"@context\":\"https:\\\/\\\/schema.org\",\"@graph\":[{\"@type\":\"WebPage\",\"@id\":\"https:\\\/\\\/queenspearlnin-com-639154.hostingersite.com\\\/kontakt\\\/\",\"url\":\"https:\\\/\\\/queenspearlnin-com-639154.hostingersite.com\\\/kontakt\\\/\",\"name\":\"Kontakt - Queen's Pearl Nin\",\"isPartOf\":{\"@id\":\"https:\\\/\\\/queenspearlnin-com-639154.hostingersite.com\\\/#website\"},\"datePublished\":\"2024-10-21T17:43:06+00:00\",\"dateModified\":\"2025-10-21T14:52:22+00:00\",\"description\":\"Ovdje mo\u017eete slobodno ispuniti svoje \u017eeljene datume i javljamo se povratno u najkra\u0107em mogu\u0107em roku.\",\"breadcrumb\":{\"@id\":\"https:\\\/\\\/queenspearlnin-com-639154.hostingersite.com\\\/kontakt\\\/#breadcrumb\"},\"inLanguage\":\"en-US\",\"potentialAction\":[{\"@type\":\"ReadAction\",\"target\":[\"https:\\\/\\\/queenspearlnin-com-639154.hostingersite.com\\\/kontakt\\\/\"]}]},{\"@type\":\"BreadcrumbList\",\"@id\":\"https:\\\/\\\/queenspearlnin-com-639154.hostingersite.com\\\/kontakt\\\/#breadcrumb\",\"itemListElement\":[{\"@type\":\"ListItem\",\"position\":1,\"name\":\"Home\",\"item\":\"https:\\\/\\\/queenspearlnin.com\\\/\"},{\"@type\":\"ListItem\",\"position\":2,\"name\":\"Kontakt\"}]},{\"@type\":\"WebSite\",\"@id\":\"https:\\\/\\\/queenspearlnin-com-639154.hostingersite.com\\\/#website\",\"url\":\"https:\\\/\\\/queenspearlnin-com-639154.hostingersite.com\\\/\",\"name\":\"queenspearlnin.com\",\"description\":\"\",\"publisher\":{\"@id\":\"https:\\\/\\\/queenspearlnin-com-639154.hostingersite.com\\\/#organization\"},\"potentialAction\":[{\"@type\":\"SearchAction\",\"target\":{\"@type\":\"EntryPoint\",\"urlTemplate\":\"https:\\\/\\\/queenspearlnin-com-639154.hostingersite.com\\\/?s={search_term_string}\"},\"query-input\":{\"@type\":\"PropertyValueSpecification\",\"valueRequired\":true,\"valueName\":\"search_term_string\"}}],\"inLanguage\":\"en-US\"},{\"@type\":\"Organization\",\"@id\":\"https:\\\/\\\/queenspearlnin-com-639154.hostingersite.com\\\/#organization\",\"name\":\"queenspearlnin.com\",\"url\":\"https:\\\/\\\/queenspearlnin-com-639154.hostingersite.com\\\/\",\"logo\":{\"@type\":\"ImageObject\",\"inLanguage\":\"en-US\",\"@id\":\"https:\\\/\\\/queenspearlnin-com-639154.hostingersite.com\\\/#\\\/schema\\\/logo\\\/image\\\/\",\"url\":\"https:\\\/\\\/queenspearlnin.com\\\/wp-content\\\/uploads\\\/2024\\\/10\\\/cropped-favicon-2.png\",\"contentUrl\":\"https:\\\/\\\/queenspearlnin.com\\\/wp-content\\\/uploads\\\/2024\\\/10\\\/cropped-favicon-2.png\",\"width\":512,\"height\":512,\"caption\":\"queenspearlnin.com\"},\"image\":{\"@id\":\"https:\\\/\\\/queenspearlnin-com-639154.hostingersite.com\\\/#\\\/schema\\\/logo\\\/image\\\/\"}}]}<\/script>\n<!-- \/ Yoast SEO plugin. -->","yoast_head_json":{"title":"Kontakt - Queen's Pearl Nin","description":"Ovdje mo\u017eete slobodno ispuniti svoje \u017eeljene datume i javljamo se povratno u najkra\u0107em mogu\u0107em roku.","robots":{"index":"index","follow":"follow","max-snippet":"max-snippet:-1","max-image-preview":"max-image-preview:large","max-video-preview":"max-video-preview:-1"},"canonical":"https:\/\/queenspearlnin-com-639154.hostingersite.com\/kontakt\/","og_locale":"en_US","og_type":"article","og_title":"Kontakt - Queen's Pearl Nin","og_description":"Ovdje mo\u017eete slobodno ispuniti svoje \u017eeljene datume i javljamo se povratno u najkra\u0107em mogu\u0107em roku.","og_url":"https:\/\/queenspearlnin-com-639154.hostingersite.com\/kontakt\/","og_site_name":"queenspearlnin.com","article_modified_time":"2025-10-21T14:52:22+00:00","twitter_card":"summary_large_image","twitter_misc":{"Est. reading time":"1 minute"},"schema":{"@context":"https:\/\/schema.org","@graph":[{"@type":"WebPage","@id":"https:\/\/queenspearlnin-com-639154.hostingersite.com\/kontakt\/","url":"https:\/\/queenspearlnin-com-639154.hostingersite.com\/kontakt\/","name":"Kontakt - Queen's Pearl Nin","isPartOf":{"@id":"https:\/\/queenspearlnin-com-639154.hostingersite.com\/#website"},"datePublished":"2024-10-21T17:43:06+00:00","dateModified":"2025-10-21T14:52:22+00:00","description":"Ovdje mo\u017eete slobodno ispuniti svoje \u017eeljene datume i javljamo se povratno u najkra\u0107em mogu\u0107em roku.","breadcrumb":{"@id":"https:\/\/queenspearlnin-com-639154.hostingersite.com\/kontakt\/#breadcrumb"},"inLanguage":"en-US","potentialAction":[{"@type":"ReadAction","target":["https:\/\/queenspearlnin-com-639154.hostingersite.com\/kontakt\/"]}]},{"@type":"BreadcrumbList","@id":"https:\/\/queenspearlnin-com-639154.hostingersite.com\/kontakt\/#breadcrumb","itemListElement":[{"@type":"ListItem","position":1,"name":"Home","item":"https:\/\/queenspearlnin.com\/"},{"@type":"ListItem","position":2,"name":"Kontakt"}]},{"@type":"WebSite","@id":"https:\/\/queenspearlnin-com-639154.hostingersite.com\/#website","url":"https:\/\/queenspearlnin-com-639154.hostingersite.com\/","name":"queenspearlnin.com","description":"","publisher":{"@id":"https:\/\/queenspearlnin-com-639154.hostingersite.com\/#organization"},"potentialAction":[{"@type":"SearchAction","target":{"@type":"EntryPoint","urlTemplate":"https:\/\/queenspearlnin-com-639154.hostingersite.com\/?s={search_term_string}"},"query-input":{"@type":"PropertyValueSpecification","valueRequired":true,"valueName":"search_term_string"}}],"inLanguage":"en-US"},{"@type":"Organization","@id":"https:\/\/queenspearlnin-com-639154.hostingersite.com\/#organization","name":"queenspearlnin.com","url":"https:\/\/queenspearlnin-com-639154.hostingersite.com\/","logo":{"@type":"ImageObject","inLanguage":"en-US","@id":"https:\/\/queenspearlnin-com-639154.hostingersite.com\/#\/schema\/logo\/image\/","url":"https:\/\/queenspearlnin.com\/wp-content\/uploads\/2024\/10\/cropped-favicon-2.png","contentUrl":"https:\/\/queenspearlnin.com\/wp-content\/uploads\/2024\/10\/cropped-favicon-2.png","width":512,"height":512,"caption":"queenspearlnin.com"},"image":{"@id":"https:\/\/queenspearlnin-com-639154.hostingersite.com\/#\/schema\/logo\/image\/"}}]}},"_links":{"self":[{"href":"https:\/\/queenspearlnin.com\/en\/wp-json\/wp\/v2\/pages\/26","targetHints":{"allow":["GET"]}}],"collection":[{"href":"https:\/\/queenspearlnin.com\/en\/wp-json\/wp\/v2\/pages"}],"about":[{"href":"https:\/\/queenspearlnin.com\/en\/wp-json\/wp\/v2\/types\/page"}],"author":[{"embeddable":true,"href":"https:\/\/queenspearlnin.com\/en\/wp-json\/wp\/v2\/users\/1"}],"replies":[{"embeddable":true,"href":"https:\/\/queenspearlnin.com\/en\/wp-json\/wp\/v2\/comments?post=26"}],"version-history":[{"count":3,"href":"https:\/\/queenspearlnin.com\/en\/wp-json\/wp\/v2\/pages\/26\/revisions"}],"predecessor-version":[{"id":879,"href":"https:\/\/queenspearlnin.com\/en\/wp-json\/wp\/v2\/pages\/26\/revisions\/879"}],"wp:attachment":[{"href":"https:\/\/queenspearlnin.com\/en\/wp-json\/wp\/v2\/media?parent=26"}],"curies":[{"name":"wp","href":"https:\/\/api.w.org\/{rel}","templated":true}]}}