{"id":764,"date":"2025-07-10T11:11:44","date_gmt":"2025-07-10T11:11:44","guid":{"rendered":"https:\/\/queenspearlnin.com\/?page_id=764"},"modified":"2025-07-10T11:34:45","modified_gmt":"2025-07-10T11:34:45","slug":"digitalni-potpis","status":"publish","type":"page","link":"https:\/\/queenspearlnin.com\/en\/digitalni-potpis\/","title":{"rendered":"Digitalni potpis"},"content":{"rendered":"<div data-elementor-type=\"wp-page\" data-elementor-id=\"764\" class=\"elementor elementor-764\" data-elementor-post-type=\"page\">\n\t\t\t\t<div class=\"elementor-element elementor-element-f0be9d6 e-flex e-con-boxed e-con e-parent\" data-id=\"f0be9d6\" data-element_type=\"container\" data-e-type=\"container\">\n\t\t\t\t\t<div class=\"e-con-inner\">\n\t\t<div class=\"elementor-element elementor-element-227344a e-flex e-con-boxed e-con e-child\" data-id=\"227344a\" data-element_type=\"container\" data-e-type=\"container\">\n\t\t\t\t\t<div class=\"e-con-inner\">\n\t\t<div class=\"elementor-element elementor-element-125c918 e-flex e-con-boxed e-con e-child\" data-id=\"125c918\" data-element_type=\"container\" data-e-type=\"container\">\n\t\t\t\t\t<div class=\"e-con-inner\">\n\t\t\t\t<div class=\"elementor-element elementor-element-2ac8a04 elementor-widget elementor-widget-heading\" data-id=\"2ac8a04\" data-element_type=\"widget\" data-e-type=\"widget\" data-widget_type=\"heading.default\">\n\t\t\t\t<div class=\"elementor-widget-container\">\n\t\t\t\t\t<h1 class=\"elementor-heading-title elementor-size-default\">Digitalni potpis by Kovar Studio<\/h1>\t\t\t\t<\/div>\n\t\t\t\t<\/div>\n\t\t\t\t<div class=\"elementor-element elementor-element-7b93109 elementor-widget elementor-widget-text-editor\" data-id=\"7b93109\" data-element_type=\"widget\" data-e-type=\"widget\" data-widget_type=\"text-editor.default\">\n\t\t\t\t<div class=\"elementor-widget-container\">\n\t\t\t\t\t\t\t\t\t<p data-start=\"387\" data-end=\"738\">Ova web stranica izra\u0111ena je s ciljem da gostima apartmana Queen\u2019s Pearl pru\u017ei jednostavan, ugodan i informativan do\u017eivljaj \u2013 kako bi \u0161to lak\u0161e prona\u0161li sve potrebne informacije o smje\u0161taju i planirali svoj odmor u Ninu. Fokus je stavljen na jasno\u0107u sadr\u017eaja, responzivan dizajn (za mobilne ure\u0111aje), brzinu u\u010ditavanja te optimizaciju za pretra\u017eiva\u010de.<\/p><p data-start=\"740\" data-end=\"915\">Tehni\u010dki gledano, stranica je izra\u0111ena na WordPress platformi, koriste\u0107i Elementor Pro, dok su za dodatnu funkcionalnost i pobolj\u0161anje performansi kori\u0161teni dodaci kao \u0161to su:<\/p>\t\t\t\t\t\t\t\t<\/div>\n\t\t\t\t<\/div>\n\t\t\t\t<div class=\"elementor-element elementor-element-48987ec elementor-icon-list--layout-traditional elementor-list-item-link-full_width elementor-widget elementor-widget-icon-list\" data-id=\"48987ec\" data-element_type=\"widget\" data-e-type=\"widget\" data-widget_type=\"icon-list.default\">\n\t\t\t\t<div class=\"elementor-widget-container\">\n\t\t\t\t\t\t\t<ul class=\"elementor-icon-list-items\">\n\t\t\t\t\t\t\t<li class=\"elementor-icon-list-item\">\n\t\t\t\t\t\t\t\t\t\t\t<span class=\"elementor-icon-list-icon\">\n\t\t\t\t\t\t\t<svg aria-hidden=\"true\" class=\"e-font-icon-svg e-fas-check\" viewbox=\"0 0 512 512\" xmlns=\"http:\/\/www.w3.org\/2000\/svg\"><path d=\"M173.898 439.404l-166.4-166.4c-9.997-9.997-9.997-26.206 0-36.204l36.203-36.204c9.997-9.998 26.207-9.998 36.204 0L192 312.69 432.095 72.596c9.997-9.997 26.207-9.997 36.204 0l36.203 36.204c9.997 9.997 9.997 26.206 0 36.204l-294.4 294.401c-9.998 9.997-26.207 9.997-36.204-.001z\"><\/path><\/svg>\t\t\t\t\t\t<\/span>\n\t\t\t\t\t\t\t\t\t\t<span class=\"elementor-icon-list-text\">Yoast SEO \u2013 za tehni\u010dku i sadr\u017eajnu optimizaciju stranice<\/span>\n\t\t\t\t\t\t\t\t\t<\/li>\n\t\t\t\t\t\t\t\t<li class=\"elementor-icon-list-item\">\n\t\t\t\t\t\t\t\t\t\t\t<span class=\"elementor-icon-list-icon\">\n\t\t\t\t\t\t\t<svg aria-hidden=\"true\" class=\"e-font-icon-svg e-fas-check\" viewbox=\"0 0 512 512\" xmlns=\"http:\/\/www.w3.org\/2000\/svg\"><path d=\"M173.898 439.404l-166.4-166.4c-9.997-9.997-9.997-26.206 0-36.204l36.203-36.204c9.997-9.998 26.207-9.998 36.204 0L192 312.69 432.095 72.596c9.997-9.997 26.207-9.997 36.204 0l36.203 36.204c9.997 9.997 9.997 26.206 0 36.204l-294.4 294.401c-9.998 9.997-26.207 9.997-36.204-.001z\"><\/path><\/svg>\t\t\t\t\t\t<\/span>\n\t\t\t\t\t\t\t\t\t\t<span class=\"elementor-icon-list-text\">WP Rocket \u2013 za ubrzanje u\u010ditavanja stranice<\/span>\n\t\t\t\t\t\t\t\t\t<\/li>\n\t\t\t\t\t\t\t\t<li class=\"elementor-icon-list-item\">\n\t\t\t\t\t\t\t\t\t\t\t<span class=\"elementor-icon-list-icon\">\n\t\t\t\t\t\t\t<svg aria-hidden=\"true\" class=\"e-font-icon-svg e-fas-check\" viewbox=\"0 0 512 512\" xmlns=\"http:\/\/www.w3.org\/2000\/svg\"><path d=\"M173.898 439.404l-166.4-166.4c-9.997-9.997-9.997-26.206 0-36.204l36.203-36.204c9.997-9.998 26.207-9.998 36.204 0L192 312.69 432.095 72.596c9.997-9.997 26.207-9.997 36.204 0l36.203 36.204c9.997 9.997 9.997 26.206 0 36.204l-294.4 294.401c-9.998 9.997-26.207 9.997-36.204-.001z\"><\/path><\/svg>\t\t\t\t\t\t<\/span>\n\t\t\t\t\t\t\t\t\t\t<span class=\"elementor-icon-list-text\">MetForm \u2013 za kontakt forme prilago\u0111ene mobilnim ure\u0111ajima<\/span>\n\t\t\t\t\t\t\t\t\t<\/li>\n\t\t\t\t\t\t\t\t<li class=\"elementor-icon-list-item\">\n\t\t\t\t\t\t\t\t\t\t\t<span class=\"elementor-icon-list-icon\">\n\t\t\t\t\t\t\t<svg aria-hidden=\"true\" class=\"e-font-icon-svg e-fas-check\" viewbox=\"0 0 512 512\" xmlns=\"http:\/\/www.w3.org\/2000\/svg\"><path d=\"M173.898 439.404l-166.4-166.4c-9.997-9.997-9.997-26.206 0-36.204l36.203-36.204c9.997-9.998 26.207-9.998 36.204 0L192 312.69 432.095 72.596c9.997-9.997 26.207-9.997 36.204 0l36.203 36.204c9.997 9.997 9.997 26.206 0 36.204l-294.4 294.401c-9.998 9.997-26.207 9.997-36.204-.001z\"><\/path><\/svg>\t\t\t\t\t\t<\/span>\n\t\t\t\t\t\t\t\t\t\t<span class=\"elementor-icon-list-text\">Site Kit by Google \u2013 za povezivanje s Google Analytics i Google Search Console<\/span>\n\t\t\t\t\t\t\t\t\t<\/li>\n\t\t\t\t\t\t<\/ul>\n\t\t\t\t\t\t<\/div>\n\t\t\t\t<\/div>\n\t\t\t\t<div class=\"elementor-element elementor-element-b85ee94 elementor-widget elementor-widget-text-editor\" data-id=\"b85ee94\" data-element_type=\"widget\" data-e-type=\"widget\" data-widget_type=\"text-editor.default\">\n\t\t\t\t<div class=\"elementor-widget-container\">\n\t\t\t\t\t\t\t\t\t<p>Hosting s aktivnim SSL certifikatom i caching sustavom dodatno doprinosi sigurnosti i brzini web stranice.<\/p>\t\t\t\t\t\t\t\t<\/div>\n\t\t\t\t<\/div>\n\t\t\t\t<div class=\"elementor-element elementor-element-7e6eb0d elementor-widget elementor-widget-heading\" data-id=\"7e6eb0d\" data-element_type=\"widget\" data-e-type=\"widget\" data-widget_type=\"heading.default\">\n\t\t\t\t<div class=\"elementor-widget-container\">\n\t\t\t\t\t<h2 class=\"elementor-heading-title elementor-size-default\">SEO optimizacija<\/h2>\t\t\t\t<\/div>\n\t\t\t\t<\/div>\n\t\t\t\t<div class=\"elementor-element elementor-element-401cf50 elementor-widget elementor-widget-text-editor\" data-id=\"401cf50\" data-element_type=\"widget\" data-e-type=\"widget\" data-widget_type=\"text-editor.default\">\n\t\t\t\t<div class=\"elementor-widget-container\">\n\t\t\t\t\t\t\t\t\t<p>Stranica je optimizirana za lokalno pretra\u017eivanje \u2013 prvenstveno za korisnike koji tra\u017ee smje\u0161taj u Ninu i okolici Zadra, koriste\u0107i termine poput:<\/p>\t\t\t\t\t\t\t\t<\/div>\n\t\t\t\t<\/div>\n\t\t\t\t<div class=\"elementor-element elementor-element-84c46d0 elementor-icon-list--layout-traditional elementor-list-item-link-full_width elementor-widget elementor-widget-icon-list\" data-id=\"84c46d0\" data-element_type=\"widget\" data-e-type=\"widget\" data-widget_type=\"icon-list.default\">\n\t\t\t\t<div class=\"elementor-widget-container\">\n\t\t\t\t\t\t\t<ul class=\"elementor-icon-list-items\">\n\t\t\t\t\t\t\t<li class=\"elementor-icon-list-item\">\n\t\t\t\t\t\t\t\t\t\t\t<span class=\"elementor-icon-list-icon\">\n\t\t\t\t\t\t\t<svg aria-hidden=\"true\" class=\"e-font-icon-svg e-fas-check\" viewbox=\"0 0 512 512\" xmlns=\"http:\/\/www.w3.org\/2000\/svg\"><path d=\"M173.898 439.404l-166.4-166.4c-9.997-9.997-9.997-26.206 0-36.204l36.203-36.204c9.997-9.998 26.207-9.998 36.204 0L192 312.69 432.095 72.596c9.997-9.997 26.207-9.997 36.204 0l36.203 36.204c9.997 9.997 9.997 26.206 0 36.204l-294.4 294.401c-9.998 9.997-26.207 9.997-36.204-.001z\"><\/path><\/svg>\t\t\t\t\t\t<\/span>\n\t\t\t\t\t\t\t\t\t\t<span class=\"elementor-icon-list-text\">apartman Nin<\/span>\n\t\t\t\t\t\t\t\t\t<\/li>\n\t\t\t\t\t\t\t\t<li class=\"elementor-icon-list-item\">\n\t\t\t\t\t\t\t\t\t\t\t<span class=\"elementor-icon-list-icon\">\n\t\t\t\t\t\t\t<svg aria-hidden=\"true\" class=\"e-font-icon-svg e-fas-check\" viewbox=\"0 0 512 512\" xmlns=\"http:\/\/www.w3.org\/2000\/svg\"><path d=\"M173.898 439.404l-166.4-166.4c-9.997-9.997-9.997-26.206 0-36.204l36.203-36.204c9.997-9.998 26.207-9.998 36.204 0L192 312.69 432.095 72.596c9.997-9.997 26.207-9.997 36.204 0l36.203 36.204c9.997 9.997 9.997 26.206 0 36.204l-294.4 294.401c-9.998 9.997-26.207 9.997-36.204-.001z\"><\/path><\/svg>\t\t\t\t\t\t<\/span>\n\t\t\t\t\t\t\t\t\t\t<span class=\"elementor-icon-list-text\">apartman blizu pla\u017ee Ninske Vodice<\/span>\n\t\t\t\t\t\t\t\t\t<\/li>\n\t\t\t\t\t\t\t\t<li class=\"elementor-icon-list-item\">\n\t\t\t\t\t\t\t\t\t\t\t<span class=\"elementor-icon-list-icon\">\n\t\t\t\t\t\t\t<svg aria-hidden=\"true\" class=\"e-font-icon-svg e-fas-check\" viewbox=\"0 0 512 512\" xmlns=\"http:\/\/www.w3.org\/2000\/svg\"><path d=\"M173.898 439.404l-166.4-166.4c-9.997-9.997-9.997-26.206 0-36.204l36.203-36.204c9.997-9.998 26.207-9.998 36.204 0L192 312.69 432.095 72.596c9.997-9.997 26.207-9.997 36.204 0l36.203 36.204c9.997 9.997 9.997 26.206 0 36.204l-294.4 294.401c-9.998 9.997-26.207 9.997-36.204-.001z\"><\/path><\/svg>\t\t\t\t\t\t<\/span>\n\t\t\t\t\t\t\t\t\t\t<span class=\"elementor-icon-list-text\">smje\u0161taj u Ninu za obitelj<\/span>\n\t\t\t\t\t\t\t\t\t<\/li>\n\t\t\t\t\t\t\t\t<li class=\"elementor-icon-list-item\">\n\t\t\t\t\t\t\t\t\t\t\t<span class=\"elementor-icon-list-icon\">\n\t\t\t\t\t\t\t<svg aria-hidden=\"true\" class=\"e-font-icon-svg e-fas-check\" viewbox=\"0 0 512 512\" xmlns=\"http:\/\/www.w3.org\/2000\/svg\"><path d=\"M173.898 439.404l-166.4-166.4c-9.997-9.997-9.997-26.206 0-36.204l36.203-36.204c9.997-9.998 26.207-9.998 36.204 0L192 312.69 432.095 72.596c9.997-9.997 26.207-9.997 36.204 0l36.203 36.204c9.997 9.997 9.997 26.206 0 36.204l-294.4 294.401c-9.998 9.997-26.207 9.997-36.204-.001z\"><\/path><\/svg>\t\t\t\t\t\t<\/span>\n\t\t\t\t\t\t\t\t\t\t<span class=\"elementor-icon-list-text\">apartmani s privatnim parkingom<\/span>\n\t\t\t\t\t\t\t\t\t<\/li>\n\t\t\t\t\t\t\t\t<li class=\"elementor-icon-list-item\">\n\t\t\t\t\t\t\t\t\t\t\t<span class=\"elementor-icon-list-icon\">\n\t\t\t\t\t\t\t<svg aria-hidden=\"true\" class=\"e-font-icon-svg e-fas-check\" viewbox=\"0 0 512 512\" xmlns=\"http:\/\/www.w3.org\/2000\/svg\"><path d=\"M173.898 439.404l-166.4-166.4c-9.997-9.997-9.997-26.206 0-36.204l36.203-36.204c9.997-9.998 26.207-9.998 36.204 0L192 312.69 432.095 72.596c9.997-9.997 26.207-9.997 36.204 0l36.203 36.204c9.997 9.997 9.997 26.206 0 36.204l-294.4 294.401c-9.998 9.997-26.207 9.997-36.204-.001z\"><\/path><\/svg>\t\t\t\t\t\t<\/span>\n\t\t\t\t\t\t\t\t\t\t<span class=\"elementor-icon-list-text\">odmor u Ninu za parove ili obitelji<\/span>\n\t\t\t\t\t\t\t\t\t<\/li>\n\t\t\t\t\t\t<\/ul>\n\t\t\t\t\t\t<\/div>\n\t\t\t\t<\/div>\n\t\t\t\t<div class=\"elementor-element elementor-element-1de0071 elementor-widget elementor-widget-text-editor\" data-id=\"1de0071\" data-element_type=\"widget\" data-e-type=\"widget\" data-widget_type=\"text-editor.default\">\n\t\t\t\t<div class=\"elementor-widget-container\">\n\t\t\t\t\t\t\t\t\t<p>Svi elementi stranice \u2013 od meta naslova, H tagova, alt opisa slika pa do same strukture sadr\u017eaja \u2013 pa\u017eljivo su uskla\u0111eni s pravilima SEO optimizacije kako bi se postigla bolja vidljivost na tra\u017eilicama poput Googlea.<\/p>\t\t\t\t\t\t\t\t<\/div>\n\t\t\t\t<\/div>\n\t\t\t\t<div class=\"elementor-element elementor-element-0a6b3e9 elementor-widget elementor-widget-heading\" data-id=\"0a6b3e9\" data-element_type=\"widget\" data-e-type=\"widget\" data-widget_type=\"heading.default\">\n\t\t\t\t<div class=\"elementor-widget-container\">\n\t\t\t\t\t<h2 class=\"elementor-heading-title elementor-size-default\">Potvrda kvalitete<\/h2>\t\t\t\t<\/div>\n\t\t\t\t<\/div>\n\t\t\t\t<div class=\"elementor-element elementor-element-9ff8114 elementor-widget elementor-widget-text-editor\" data-id=\"9ff8114\" data-element_type=\"widget\" data-e-type=\"widget\" data-widget_type=\"text-editor.default\">\n\t\t\t\t<div class=\"elementor-widget-container\">\n\t\t\t\t\t\t\t\t\t<p data-start=\"1806\" data-end=\"2181\">Izradu stranice potpisuje <a href=\"https:\/\/kovarstudio.com\/\"><strong data-start=\"1832\" data-end=\"1848\">Kovar Studio<\/strong><\/a>, web agencija specijalizirana za modernu i funkcionalnu izradu web stranica za apartmane, vile i druge iznajmljiva\u010de diljem Hrvatske. Kroz kombinaciju dizajna, sadr\u017eaja i SEO strategije, cilj nam je pomo\u0107i malim iznajmljiva\u010dima da se bolje pozicioniraju na tr\u017ei\u0161tu i pove\u0107aju broj direktnih rezervacija \u2013 bez posredni\u010dkih provizija.<\/p><p data-start=\"2183\" data-end=\"2315\">\ud83d\udc49 Pogledajte vi\u0161e o usluzi: <a class=\"cursor-pointer\" href=\"https:\/\/kovarstudio.com\/izrada-web-stranica-zadar\/\" target=\"_new\" rel=\"noopener\" data-start=\"2212\" data-end=\"2315\">Izrada web stranica Zadar \u2013 Kovar Studio<\/a><\/p>\t\t\t\t\t\t\t\t<\/div>\n\t\t\t\t<\/div>\n\t\t\t\t<div class=\"elementor-element elementor-element-1913d8a elementor-widget elementor-widget-image\" data-id=\"1913d8a\" data-element_type=\"widget\" data-e-type=\"widget\" data-widget_type=\"image.default\">\n\t\t\t\t<div class=\"elementor-widget-container\">\n\t\t\t\t\t\t\t\t\t\t\t\t\t\t\t<img fetchpriority=\"high\" decoding=\"async\" width=\"1500\" height=\"1000\" src=\"https:\/\/queenspearlnin.com\/wp-content\/uploads\/2025\/07\/Kovar-Studio-digitalni-potpis.png\" class=\"attachment-full size-full wp-image-773\" alt=\"\" srcset=\"https:\/\/queenspearlnin.com\/wp-content\/uploads\/2025\/07\/Kovar-Studio-digitalni-potpis.png 1500w, https:\/\/queenspearlnin.com\/wp-content\/uploads\/2025\/07\/Kovar-Studio-digitalni-potpis-300x200.png 300w, https:\/\/queenspearlnin.com\/wp-content\/uploads\/2025\/07\/Kovar-Studio-digitalni-potpis-1024x683.png 1024w, https:\/\/queenspearlnin.com\/wp-content\/uploads\/2025\/07\/Kovar-Studio-digitalni-potpis-768x512.png 768w\" sizes=\"(max-width: 1500px) 100vw, 1500px\" \/>\t\t\t\t\t\t\t\t\t\t\t\t\t\t\t<\/div>\n\t\t\t\t<\/div>\n\t\t\t\t\t<\/div>\n\t\t\t\t<\/div>\n\t\t\t\t\t<\/div>\n\t\t\t\t<\/div>\n\t\t\t\t\t<\/div>\n\t\t\t\t<\/div>\n\t\t\t\t<\/div>","protected":false},"excerpt":{"rendered":"<p>Digitalni potpis by Kovar Studio Ova web stranica izra\u0111ena je s ciljem da gostima apartmana Queen\u2019s Pearl pru\u017ei jednostavan, ugodan i informativan do\u017eivljaj \u2013 kako bi \u0161to lak\u0161e prona\u0161li sve potrebne informacije o smje\u0161taju i planirali svoj odmor u Ninu. Fokus je stavljen na jasno\u0107u sadr\u017eaja, responzivan dizajn (za mobilne ure\u0111aje), brzinu u\u010ditavanja te optimizaciju [&hellip;]<\/p>\n","protected":false},"author":1,"featured_media":0,"parent":0,"menu_order":0,"comment_status":"closed","ping_status":"closed","template":"","meta":{"footnotes":""},"class_list":["post-764","page","type-page","status-publish","hentry"],"yoast_head":"<!-- This site is optimized with the Yoast SEO plugin v27.4 - https:\/\/yoast.com\/product\/yoast-seo-wordpress\/ -->\n<title>Digitalni potpis - queenspearlnin.com<\/title>\n<meta name=\"robots\" content=\"index, follow, max-snippet:-1, max-image-preview:large, max-video-preview:-1\" \/>\n<link rel=\"canonical\" href=\"https:\/\/queenspearlnin-com-639154.hostingersite.com\/digitalni-potpis\/\" \/>\n<meta property=\"og:locale\" content=\"en_US\" \/>\n<meta property=\"og:type\" content=\"article\" \/>\n<meta property=\"og:title\" content=\"Digitalni potpis - queenspearlnin.com\" \/>\n<meta property=\"og:description\" content=\"Digitalni potpis by Kovar Studio Ova web stranica izra\u0111ena je s ciljem da gostima apartmana Queen\u2019s Pearl pru\u017ei jednostavan, ugodan i informativan do\u017eivljaj \u2013 kako bi \u0161to lak\u0161e prona\u0161li sve potrebne informacije o smje\u0161taju i planirali svoj odmor u Ninu. Fokus je stavljen na jasno\u0107u sadr\u017eaja, responzivan dizajn (za mobilne ure\u0111aje), brzinu u\u010ditavanja te optimizaciju [&hellip;]\" \/>\n<meta property=\"og:url\" content=\"https:\/\/queenspearlnin-com-639154.hostingersite.com\/digitalni-potpis\/\" \/>\n<meta property=\"og:site_name\" content=\"queenspearlnin.com\" \/>\n<meta property=\"article:modified_time\" content=\"2025-07-10T11:34:45+00:00\" \/>\n<meta property=\"og:image\" content=\"https:\/\/queenspearlnin.com\/wp-content\/uploads\/2025\/07\/Kovar-Studio-digitalni-potpis.png\" \/>\n\t<meta property=\"og:image:width\" content=\"1500\" \/>\n\t<meta property=\"og:image:height\" content=\"1000\" \/>\n\t<meta property=\"og:image:type\" content=\"image\/png\" \/>\n<meta name=\"twitter:card\" content=\"summary_large_image\" \/>\n<meta name=\"twitter:label1\" content=\"Est. reading time\" \/>\n\t<meta name=\"twitter:data1\" content=\"2 minutes\" \/>\n<script type=\"application\/ld+json\" class=\"yoast-schema-graph\">{\"@context\":\"https:\\\/\\\/schema.org\",\"@graph\":[{\"@type\":\"WebPage\",\"@id\":\"https:\\\/\\\/queenspearlnin-com-639154.hostingersite.com\\\/digitalni-potpis\\\/\",\"url\":\"https:\\\/\\\/queenspearlnin-com-639154.hostingersite.com\\\/digitalni-potpis\\\/\",\"name\":\"Digitalni potpis - queenspearlnin.com\",\"isPartOf\":{\"@id\":\"https:\\\/\\\/queenspearlnin-com-639154.hostingersite.com\\\/#website\"},\"primaryImageOfPage\":{\"@id\":\"https:\\\/\\\/queenspearlnin-com-639154.hostingersite.com\\\/digitalni-potpis\\\/#primaryimage\"},\"image\":{\"@id\":\"https:\\\/\\\/queenspearlnin-com-639154.hostingersite.com\\\/digitalni-potpis\\\/#primaryimage\"},\"thumbnailUrl\":\"https:\\\/\\\/queenspearlnin.com\\\/wp-content\\\/uploads\\\/2025\\\/07\\\/Kovar-Studio-digitalni-potpis.png\",\"datePublished\":\"2025-07-10T11:11:44+00:00\",\"dateModified\":\"2025-07-10T11:34:45+00:00\",\"breadcrumb\":{\"@id\":\"https:\\\/\\\/queenspearlnin-com-639154.hostingersite.com\\\/digitalni-potpis\\\/#breadcrumb\"},\"inLanguage\":\"en-US\",\"potentialAction\":[{\"@type\":\"ReadAction\",\"target\":[\"https:\\\/\\\/queenspearlnin-com-639154.hostingersite.com\\\/digitalni-potpis\\\/\"]}]},{\"@type\":\"ImageObject\",\"inLanguage\":\"en-US\",\"@id\":\"https:\\\/\\\/queenspearlnin-com-639154.hostingersite.com\\\/digitalni-potpis\\\/#primaryimage\",\"url\":\"https:\\\/\\\/queenspearlnin.com\\\/wp-content\\\/uploads\\\/2025\\\/07\\\/Kovar-Studio-digitalni-potpis.png\",\"contentUrl\":\"https:\\\/\\\/queenspearlnin.com\\\/wp-content\\\/uploads\\\/2025\\\/07\\\/Kovar-Studio-digitalni-potpis.png\"},{\"@type\":\"BreadcrumbList\",\"@id\":\"https:\\\/\\\/queenspearlnin-com-639154.hostingersite.com\\\/digitalni-potpis\\\/#breadcrumb\",\"itemListElement\":[{\"@type\":\"ListItem\",\"position\":1,\"name\":\"Home\",\"item\":\"https:\\\/\\\/queenspearlnin.com\\\/\"},{\"@type\":\"ListItem\",\"position\":2,\"name\":\"Digitalni potpis\"}]},{\"@type\":\"WebSite\",\"@id\":\"https:\\\/\\\/queenspearlnin-com-639154.hostingersite.com\\\/#website\",\"url\":\"https:\\\/\\\/queenspearlnin-com-639154.hostingersite.com\\\/\",\"name\":\"queenspearlnin.com\",\"description\":\"\",\"publisher\":{\"@id\":\"https:\\\/\\\/queenspearlnin-com-639154.hostingersite.com\\\/#organization\"},\"potentialAction\":[{\"@type\":\"SearchAction\",\"target\":{\"@type\":\"EntryPoint\",\"urlTemplate\":\"https:\\\/\\\/queenspearlnin-com-639154.hostingersite.com\\\/?s={search_term_string}\"},\"query-input\":{\"@type\":\"PropertyValueSpecification\",\"valueRequired\":true,\"valueName\":\"search_term_string\"}}],\"inLanguage\":\"en-US\"},{\"@type\":\"Organization\",\"@id\":\"https:\\\/\\\/queenspearlnin-com-639154.hostingersite.com\\\/#organization\",\"name\":\"queenspearlnin.com\",\"url\":\"https:\\\/\\\/queenspearlnin-com-639154.hostingersite.com\\\/\",\"logo\":{\"@type\":\"ImageObject\",\"inLanguage\":\"en-US\",\"@id\":\"https:\\\/\\\/queenspearlnin-com-639154.hostingersite.com\\\/#\\\/schema\\\/logo\\\/image\\\/\",\"url\":\"https:\\\/\\\/queenspearlnin.com\\\/wp-content\\\/uploads\\\/2024\\\/10\\\/cropped-favicon-2.png\",\"contentUrl\":\"https:\\\/\\\/queenspearlnin.com\\\/wp-content\\\/uploads\\\/2024\\\/10\\\/cropped-favicon-2.png\",\"width\":512,\"height\":512,\"caption\":\"queenspearlnin.com\"},\"image\":{\"@id\":\"https:\\\/\\\/queenspearlnin-com-639154.hostingersite.com\\\/#\\\/schema\\\/logo\\\/image\\\/\"}}]}<\/script>\n<!-- \/ Yoast SEO plugin. -->","yoast_head_json":{"title":"Digitalni potpis - queenspearlnin.com","robots":{"index":"index","follow":"follow","max-snippet":"max-snippet:-1","max-image-preview":"max-image-preview:large","max-video-preview":"max-video-preview:-1"},"canonical":"https:\/\/queenspearlnin-com-639154.hostingersite.com\/digitalni-potpis\/","og_locale":"en_US","og_type":"article","og_title":"Digitalni potpis - queenspearlnin.com","og_description":"Digitalni potpis by Kovar Studio Ova web stranica izra\u0111ena je s ciljem da gostima apartmana Queen\u2019s Pearl pru\u017ei jednostavan, ugodan i informativan do\u017eivljaj \u2013 kako bi \u0161to lak\u0161e prona\u0161li sve potrebne informacije o smje\u0161taju i planirali svoj odmor u Ninu. Fokus je stavljen na jasno\u0107u sadr\u017eaja, responzivan dizajn (za mobilne ure\u0111aje), brzinu u\u010ditavanja te optimizaciju [&hellip;]","og_url":"https:\/\/queenspearlnin-com-639154.hostingersite.com\/digitalni-potpis\/","og_site_name":"queenspearlnin.com","article_modified_time":"2025-07-10T11:34:45+00:00","og_image":[{"width":1500,"height":1000,"url":"https:\/\/queenspearlnin.com\/wp-content\/uploads\/2025\/07\/Kovar-Studio-digitalni-potpis.png","type":"image\/png"}],"twitter_card":"summary_large_image","twitter_misc":{"Est. reading time":"2 minutes"},"schema":{"@context":"https:\/\/schema.org","@graph":[{"@type":"WebPage","@id":"https:\/\/queenspearlnin-com-639154.hostingersite.com\/digitalni-potpis\/","url":"https:\/\/queenspearlnin-com-639154.hostingersite.com\/digitalni-potpis\/","name":"Digitalni potpis - queenspearlnin.com","isPartOf":{"@id":"https:\/\/queenspearlnin-com-639154.hostingersite.com\/#website"},"primaryImageOfPage":{"@id":"https:\/\/queenspearlnin-com-639154.hostingersite.com\/digitalni-potpis\/#primaryimage"},"image":{"@id":"https:\/\/queenspearlnin-com-639154.hostingersite.com\/digitalni-potpis\/#primaryimage"},"thumbnailUrl":"https:\/\/queenspearlnin.com\/wp-content\/uploads\/2025\/07\/Kovar-Studio-digitalni-potpis.png","datePublished":"2025-07-10T11:11:44+00:00","dateModified":"2025-07-10T11:34:45+00:00","breadcrumb":{"@id":"https:\/\/queenspearlnin-com-639154.hostingersite.com\/digitalni-potpis\/#breadcrumb"},"inLanguage":"en-US","potentialAction":[{"@type":"ReadAction","target":["https:\/\/queenspearlnin-com-639154.hostingersite.com\/digitalni-potpis\/"]}]},{"@type":"ImageObject","inLanguage":"en-US","@id":"https:\/\/queenspearlnin-com-639154.hostingersite.com\/digitalni-potpis\/#primaryimage","url":"https:\/\/queenspearlnin.com\/wp-content\/uploads\/2025\/07\/Kovar-Studio-digitalni-potpis.png","contentUrl":"https:\/\/queenspearlnin.com\/wp-content\/uploads\/2025\/07\/Kovar-Studio-digitalni-potpis.png"},{"@type":"BreadcrumbList","@id":"https:\/\/queenspearlnin-com-639154.hostingersite.com\/digitalni-potpis\/#breadcrumb","itemListElement":[{"@type":"ListItem","position":1,"name":"Home","item":"https:\/\/queenspearlnin.com\/"},{"@type":"ListItem","position":2,"name":"Digitalni potpis"}]},{"@type":"WebSite","@id":"https:\/\/queenspearlnin-com-639154.hostingersite.com\/#website","url":"https:\/\/queenspearlnin-com-639154.hostingersite.com\/","name":"queenspearlnin.com","description":"","publisher":{"@id":"https:\/\/queenspearlnin-com-639154.hostingersite.com\/#organization"},"potentialAction":[{"@type":"SearchAction","target":{"@type":"EntryPoint","urlTemplate":"https:\/\/queenspearlnin-com-639154.hostingersite.com\/?s={search_term_string}"},"query-input":{"@type":"PropertyValueSpecification","valueRequired":true,"valueName":"search_term_string"}}],"inLanguage":"en-US"},{"@type":"Organization","@id":"https:\/\/queenspearlnin-com-639154.hostingersite.com\/#organization","name":"queenspearlnin.com","url":"https:\/\/queenspearlnin-com-639154.hostingersite.com\/","logo":{"@type":"ImageObject","inLanguage":"en-US","@id":"https:\/\/queenspearlnin-com-639154.hostingersite.com\/#\/schema\/logo\/image\/","url":"https:\/\/queenspearlnin.com\/wp-content\/uploads\/2024\/10\/cropped-favicon-2.png","contentUrl":"https:\/\/queenspearlnin.com\/wp-content\/uploads\/2024\/10\/cropped-favicon-2.png","width":512,"height":512,"caption":"queenspearlnin.com"},"image":{"@id":"https:\/\/queenspearlnin-com-639154.hostingersite.com\/#\/schema\/logo\/image\/"}}]}},"_links":{"self":[{"href":"https:\/\/queenspearlnin.com\/en\/wp-json\/wp\/v2\/pages\/764","targetHints":{"allow":["GET"]}}],"collection":[{"href":"https:\/\/queenspearlnin.com\/en\/wp-json\/wp\/v2\/pages"}],"about":[{"href":"https:\/\/queenspearlnin.com\/en\/wp-json\/wp\/v2\/types\/page"}],"author":[{"embeddable":true,"href":"https:\/\/queenspearlnin.com\/en\/wp-json\/wp\/v2\/users\/1"}],"replies":[{"embeddable":true,"href":"https:\/\/queenspearlnin.com\/en\/wp-json\/wp\/v2\/comments?post=764"}],"version-history":[{"count":16,"href":"https:\/\/queenspearlnin.com\/en\/wp-json\/wp\/v2\/pages\/764\/revisions"}],"predecessor-version":[{"id":783,"href":"https:\/\/queenspearlnin.com\/en\/wp-json\/wp\/v2\/pages\/764\/revisions\/783"}],"wp:attachment":[{"href":"https:\/\/queenspearlnin.com\/en\/wp-json\/wp\/v2\/media?parent=764"}],"curies":[{"name":"wp","href":"https:\/\/api.w.org\/{rel}","templated":true}]}}