{"id":816,"date":"2025-10-19T21:49:35","date_gmt":"2025-10-19T21:49:35","guid":{"rendered":"https:\/\/queenspearlnin.com\/?page_id=816"},"modified":"2025-10-19T22:33:03","modified_gmt":"2025-10-19T22:33:03","slug":"virtualna","status":"publish","type":"page","link":"https:\/\/queenspearlnin.com\/en\/virtualna\/","title":{"rendered":"Virtual tour"},"content":{"rendered":"<div data-elementor-type=\"wp-page\" data-elementor-id=\"816\" class=\"elementor elementor-816\" data-elementor-post-type=\"page\">\n\t\t\t\t<div class=\"elementor-element elementor-element-cad1591 e-flex e-con-boxed e-con e-parent\" data-id=\"cad1591\" data-element_type=\"container\" data-e-type=\"container\" data-settings=\"{&quot;background_background&quot;:&quot;classic&quot;}\">\n\t\t\t\t\t<div class=\"e-con-inner\">\n\t\t\t\t<div class=\"elementor-element elementor-element-5bf4b68 elementor-widget elementor-widget-heading\" data-id=\"5bf4b68\" data-element_type=\"widget\" data-e-type=\"widget\" data-widget_type=\"heading.default\">\n\t\t\t\t<div class=\"elementor-widget-container\">\n\t\t\t\t\t<h2 class=\"elementor-heading-title elementor-size-default\">Virtual tour<\/h2>\t\t\t\t<\/div>\n\t\t\t\t<\/div>\n\t\t\t\t<div class=\"elementor-element elementor-element-492733b elementor-icon-list--layout-inline elementor-align-center elementor-list-item-link-full_width elementor-widget elementor-widget-icon-list\" data-id=\"492733b\" data-element_type=\"widget\" data-e-type=\"widget\" data-widget_type=\"icon-list.default\">\n\t\t\t\t<div class=\"elementor-widget-container\">\n\t\t\t\t\t\t\t<ul class=\"elementor-icon-list-items elementor-inline-items\">\n\t\t\t\t\t\t\t<li class=\"elementor-icon-list-item elementor-inline-item\">\n\t\t\t\t\t\t\t\t\t\t<span class=\"elementor-icon-list-text\">Home<\/span>\n\t\t\t\t\t\t\t\t\t<\/li>\n\t\t\t\t\t\t\t\t<li class=\"elementor-icon-list-item elementor-inline-item\">\n\t\t\t\t\t\t\t\t\t\t\t<span class=\"elementor-icon-list-icon\">\n\t\t\t\t\t\t\t<svg aria-hidden=\"true\" class=\"e-font-icon-svg e-fas-chevron-right\" viewbox=\"0 0 320 512\" xmlns=\"http:\/\/www.w3.org\/2000\/svg\"><path d=\"M285.476 272.971L91.132 467.314c-9.373 9.373-24.569 9.373-33.941 0l-22.667-22.667c-9.357-9.357-9.375-24.522-.04-33.901L188.505 256 34.484 101.255c-9.335-9.379-9.317-24.544.04-33.901l22.667-22.667c9.373-9.373 24.569-9.373 33.941 0L285.475 239.03c9.373 9.372 9.373 24.568.001 33.941z\"><\/path><\/svg>\t\t\t\t\t\t<\/span>\n\t\t\t\t\t\t\t\t\t\t<span class=\"elementor-icon-list-text\">Virtual tour<\/span>\n\t\t\t\t\t\t\t\t\t<\/li>\n\t\t\t\t\t\t<\/ul>\n\t\t\t\t\t\t<\/div>\n\t\t\t\t<\/div>\n\t\t\t\t\t<\/div>\n\t\t\t\t<\/div>\n\t\t<div class=\"elementor-element elementor-element-e56b784 e-flex e-con-boxed e-con e-parent\" data-id=\"e56b784\" data-element_type=\"container\" data-e-type=\"container\">\n\t\t\t\t\t<div class=\"e-con-inner\">\n\t\t\t\t<div class=\"elementor-element elementor-element-1849d29 elementor-widget elementor-widget-html\" data-id=\"1849d29\" data-element_type=\"widget\" data-e-type=\"widget\" data-widget_type=\"html.default\">\n\t\t\t\t<div class=\"elementor-widget-container\">\n\t\t\t\t\t<section style=\"text-align:center; padding:60px 20px; background:#fafafa;\">\r\n  <div style=\"max-width:1200px; margin:0 auto;\">\r\n    <h2 style=\"font-size:2.2em; font-weight:700; margin-bottom:15px; color:#222;\">\r\n      \r\n    <\/h2>\r\n    <p style=\"font-size:1.1em; color:#555; margin-bottom:35px;\">\r\n     \r\n    <\/p>\r\n  <\/div>\r\n\r\n  <div class=\"virtual-tour-frame\">\r\n    <iframe \r\n      src=\"https:\/\/queenspearlnin.com\/virtualna-setnja\/\" \r\n      frameborder=\"0\" \r\n      allowfullscreen style=\"width:100%; height:100%; display:block; border:0;\">\r\n    <\/iframe>\r\n  <\/div>\r\n\r\n  <style>\r\n    \/* DESKTOP \u2013 80% \u0161irine, visina pola \u0161irine (2:1 omjer) *\/\r\n    .virtual-tour-frame {\r\n      width: 80%;\r\n      max-width: 1400px;\r\n      margin: 0 auto;\r\n      aspect-ratio: 2 \/ 1; \/* \u0161irina:visina = 2:1 *\/\r\n      overflow: hidden;\r\n      box-shadow: 0 4px 20px rgba(0,0,0,0.1);\r\n      border-radius: 12px;\r\n    }\r\n\r\n    \/* MOBITEL \u2013 puna \u0161irina, 80% visine ekrana *\/\r\n    @media (max-width: 768px) {\r\n      .virtual-tour-frame {\r\n        width: 100%;\r\n        margin: 0;\r\n        aspect-ratio: auto;\r\n        height: 80vh;\r\n        border-radius: 0;\r\n      }\r\n    }\r\n  <\/style>\r\n<\/section>\r\n\t\t\t\t<\/div>\n\t\t\t\t<\/div>\n\t\t\t\t\t<\/div>\n\t\t\t\t<\/div>\n\t\t\t\t<\/div>","protected":false},"excerpt":{"rendered":"<p>Virtualna \u0161etnja Naslovna Virtualna \u0161etnja<\/p>","protected":false},"author":1,"featured_media":0,"parent":0,"menu_order":0,"comment_status":"closed","ping_status":"closed","template":"elementor_header_footer","meta":{"footnotes":""},"class_list":["post-816","page","type-page","status-publish","hentry"],"yoast_head":"<!-- This site is optimized with the Yoast SEO plugin v27.4 - https:\/\/yoast.com\/product\/yoast-seo-wordpress\/ -->\n<title>Virtualna \u0161etnja - Queen&#039;s Pearl Nin<\/title>\n<meta name=\"description\" content=\"Ovdje mo\u017eete slobodno ispuniti svoje \u017eeljene datume i javljamo se povratno u najkra\u0107em mogu\u0107em roku.\" \/>\n<meta name=\"robots\" content=\"index, follow, max-snippet:-1, max-image-preview:large, max-video-preview:-1\" \/>\n<link rel=\"canonical\" href=\"https:\/\/queenspearlnin-com-639154.hostingersite.com\/virtualna\/\" \/>\n<meta property=\"og:locale\" content=\"en_US\" \/>\n<meta property=\"og:type\" content=\"article\" \/>\n<meta property=\"og:title\" content=\"Virtualna \u0161etnja - Queen&#039;s Pearl Nin\" \/>\n<meta property=\"og:description\" content=\"Ovdje mo\u017eete slobodno ispuniti svoje \u017eeljene datume i javljamo se povratno u najkra\u0107em mogu\u0107em roku.\" \/>\n<meta property=\"og:url\" content=\"https:\/\/queenspearlnin-com-639154.hostingersite.com\/virtualna\/\" \/>\n<meta property=\"og:site_name\" content=\"queenspearlnin.com\" \/>\n<meta property=\"article:modified_time\" content=\"2025-10-19T22:33:03+00:00\" \/>\n<meta name=\"twitter:card\" content=\"summary_large_image\" \/>\n<meta name=\"twitter:label1\" content=\"Est. reading time\" \/>\n\t<meta name=\"twitter:data1\" content=\"1 minute\" \/>\n<script type=\"application\/ld+json\" class=\"yoast-schema-graph\">{\"@context\":\"https:\\\/\\\/schema.org\",\"@graph\":[{\"@type\":\"WebPage\",\"@id\":\"https:\\\/\\\/queenspearlnin-com-639154.hostingersite.com\\\/virtualna\\\/\",\"url\":\"https:\\\/\\\/queenspearlnin-com-639154.hostingersite.com\\\/virtualna\\\/\",\"name\":\"Virtualna \u0161etnja - Queen's Pearl Nin\",\"isPartOf\":{\"@id\":\"https:\\\/\\\/queenspearlnin-com-639154.hostingersite.com\\\/#website\"},\"datePublished\":\"2025-10-19T21:49:35+00:00\",\"dateModified\":\"2025-10-19T22:33:03+00:00\",\"description\":\"Ovdje mo\u017eete slobodno ispuniti svoje \u017eeljene datume i javljamo se povratno u najkra\u0107em mogu\u0107em roku.\",\"breadcrumb\":{\"@id\":\"https:\\\/\\\/queenspearlnin-com-639154.hostingersite.com\\\/virtualna\\\/#breadcrumb\"},\"inLanguage\":\"en-US\",\"potentialAction\":[{\"@type\":\"ReadAction\",\"target\":[\"https:\\\/\\\/queenspearlnin-com-639154.hostingersite.com\\\/virtualna\\\/\"]}]},{\"@type\":\"BreadcrumbList\",\"@id\":\"https:\\\/\\\/queenspearlnin-com-639154.hostingersite.com\\\/virtualna\\\/#breadcrumb\",\"itemListElement\":[{\"@type\":\"ListItem\",\"position\":1,\"name\":\"Home\",\"item\":\"https:\\\/\\\/queenspearlnin.com\\\/\"},{\"@type\":\"ListItem\",\"position\":2,\"name\":\"Virtualna \u0161etnja\"}]},{\"@type\":\"WebSite\",\"@id\":\"https:\\\/\\\/queenspearlnin-com-639154.hostingersite.com\\\/#website\",\"url\":\"https:\\\/\\\/queenspearlnin-com-639154.hostingersite.com\\\/\",\"name\":\"queenspearlnin.com\",\"description\":\"\",\"publisher\":{\"@id\":\"https:\\\/\\\/queenspearlnin-com-639154.hostingersite.com\\\/#organization\"},\"potentialAction\":[{\"@type\":\"SearchAction\",\"target\":{\"@type\":\"EntryPoint\",\"urlTemplate\":\"https:\\\/\\\/queenspearlnin-com-639154.hostingersite.com\\\/?s={search_term_string}\"},\"query-input\":{\"@type\":\"PropertyValueSpecification\",\"valueRequired\":true,\"valueName\":\"search_term_string\"}}],\"inLanguage\":\"en-US\"},{\"@type\":\"Organization\",\"@id\":\"https:\\\/\\\/queenspearlnin-com-639154.hostingersite.com\\\/#organization\",\"name\":\"queenspearlnin.com\",\"url\":\"https:\\\/\\\/queenspearlnin-com-639154.hostingersite.com\\\/\",\"logo\":{\"@type\":\"ImageObject\",\"inLanguage\":\"en-US\",\"@id\":\"https:\\\/\\\/queenspearlnin-com-639154.hostingersite.com\\\/#\\\/schema\\\/logo\\\/image\\\/\",\"url\":\"https:\\\/\\\/queenspearlnin.com\\\/wp-content\\\/uploads\\\/2024\\\/10\\\/cropped-favicon-2.png\",\"contentUrl\":\"https:\\\/\\\/queenspearlnin.com\\\/wp-content\\\/uploads\\\/2024\\\/10\\\/cropped-favicon-2.png\",\"width\":512,\"height\":512,\"caption\":\"queenspearlnin.com\"},\"image\":{\"@id\":\"https:\\\/\\\/queenspearlnin-com-639154.hostingersite.com\\\/#\\\/schema\\\/logo\\\/image\\\/\"}}]}<\/script>\n<!-- \/ Yoast SEO plugin. -->","yoast_head_json":{"title":"Virtualna \u0161etnja - Queen's Pearl Nin","description":"Ovdje mo\u017eete slobodno ispuniti svoje \u017eeljene datume i javljamo se povratno u najkra\u0107em mogu\u0107em roku.","robots":{"index":"index","follow":"follow","max-snippet":"max-snippet:-1","max-image-preview":"max-image-preview:large","max-video-preview":"max-video-preview:-1"},"canonical":"https:\/\/queenspearlnin-com-639154.hostingersite.com\/virtualna\/","og_locale":"en_US","og_type":"article","og_title":"Virtualna \u0161etnja - Queen's Pearl Nin","og_description":"Ovdje mo\u017eete slobodno ispuniti svoje \u017eeljene datume i javljamo se povratno u najkra\u0107em mogu\u0107em roku.","og_url":"https:\/\/queenspearlnin-com-639154.hostingersite.com\/virtualna\/","og_site_name":"queenspearlnin.com","article_modified_time":"2025-10-19T22:33:03+00:00","twitter_card":"summary_large_image","twitter_misc":{"Est. reading time":"1 minute"},"schema":{"@context":"https:\/\/schema.org","@graph":[{"@type":"WebPage","@id":"https:\/\/queenspearlnin-com-639154.hostingersite.com\/virtualna\/","url":"https:\/\/queenspearlnin-com-639154.hostingersite.com\/virtualna\/","name":"Virtualna \u0161etnja - Queen's Pearl Nin","isPartOf":{"@id":"https:\/\/queenspearlnin-com-639154.hostingersite.com\/#website"},"datePublished":"2025-10-19T21:49:35+00:00","dateModified":"2025-10-19T22:33:03+00:00","description":"Ovdje mo\u017eete slobodno ispuniti svoje \u017eeljene datume i javljamo se povratno u najkra\u0107em mogu\u0107em roku.","breadcrumb":{"@id":"https:\/\/queenspearlnin-com-639154.hostingersite.com\/virtualna\/#breadcrumb"},"inLanguage":"en-US","potentialAction":[{"@type":"ReadAction","target":["https:\/\/queenspearlnin-com-639154.hostingersite.com\/virtualna\/"]}]},{"@type":"BreadcrumbList","@id":"https:\/\/queenspearlnin-com-639154.hostingersite.com\/virtualna\/#breadcrumb","itemListElement":[{"@type":"ListItem","position":1,"name":"Home","item":"https:\/\/queenspearlnin.com\/"},{"@type":"ListItem","position":2,"name":"Virtualna \u0161etnja"}]},{"@type":"WebSite","@id":"https:\/\/queenspearlnin-com-639154.hostingersite.com\/#website","url":"https:\/\/queenspearlnin-com-639154.hostingersite.com\/","name":"queenspearlnin.com","description":"","publisher":{"@id":"https:\/\/queenspearlnin-com-639154.hostingersite.com\/#organization"},"potentialAction":[{"@type":"SearchAction","target":{"@type":"EntryPoint","urlTemplate":"https:\/\/queenspearlnin-com-639154.hostingersite.com\/?s={search_term_string}"},"query-input":{"@type":"PropertyValueSpecification","valueRequired":true,"valueName":"search_term_string"}}],"inLanguage":"en-US"},{"@type":"Organization","@id":"https:\/\/queenspearlnin-com-639154.hostingersite.com\/#organization","name":"queenspearlnin.com","url":"https:\/\/queenspearlnin-com-639154.hostingersite.com\/","logo":{"@type":"ImageObject","inLanguage":"en-US","@id":"https:\/\/queenspearlnin-com-639154.hostingersite.com\/#\/schema\/logo\/image\/","url":"https:\/\/queenspearlnin.com\/wp-content\/uploads\/2024\/10\/cropped-favicon-2.png","contentUrl":"https:\/\/queenspearlnin.com\/wp-content\/uploads\/2024\/10\/cropped-favicon-2.png","width":512,"height":512,"caption":"queenspearlnin.com"},"image":{"@id":"https:\/\/queenspearlnin-com-639154.hostingersite.com\/#\/schema\/logo\/image\/"}}]}},"_links":{"self":[{"href":"https:\/\/queenspearlnin.com\/en\/wp-json\/wp\/v2\/pages\/816","targetHints":{"allow":["GET"]}}],"collection":[{"href":"https:\/\/queenspearlnin.com\/en\/wp-json\/wp\/v2\/pages"}],"about":[{"href":"https:\/\/queenspearlnin.com\/en\/wp-json\/wp\/v2\/types\/page"}],"author":[{"embeddable":true,"href":"https:\/\/queenspearlnin.com\/en\/wp-json\/wp\/v2\/users\/1"}],"replies":[{"embeddable":true,"href":"https:\/\/queenspearlnin.com\/en\/wp-json\/wp\/v2\/comments?post=816"}],"version-history":[{"count":40,"href":"https:\/\/queenspearlnin.com\/en\/wp-json\/wp\/v2\/pages\/816\/revisions"}],"predecessor-version":[{"id":858,"href":"https:\/\/queenspearlnin.com\/en\/wp-json\/wp\/v2\/pages\/816\/revisions\/858"}],"wp:attachment":[{"href":"https:\/\/queenspearlnin.com\/en\/wp-json\/wp\/v2\/media?parent=816"}],"curies":[{"name":"wp","href":"https:\/\/api.w.org\/{rel}","templated":true}]}}